{"id":116,"date":"2023-07-02T04:02:24","date_gmt":"2023-07-02T02:02:24","guid":{"rendered":"https:\/\/5m-art.fr\/?page_id=116"},"modified":"2025-06-22T10:34:58","modified_gmt":"2025-06-22T08:34:58","slug":"seance-hayadance","status":"publish","type":"page","link":"https:\/\/5m-art.fr\/?page_id=116","title":{"rendered":"S\u00c9ANCE HAYADANCE"},"content":{"rendered":"<style>.kb-row-layout-id_e682f1-5f > .kt-row-column-wrap{align-content:start;}:where(.kb-row-layout-id_e682f1-5f > .kt-row-column-wrap) > .wp-block-kadence-column{justify-content:start;}.kb-row-layout-id_e682f1-5f > .kt-row-column-wrap{column-gap:var(--global-kb-gap-md, 2rem);row-gap:var(--global-kb-gap-md, 2rem);max-width:var( --global-content-width, 1290px );padding-left:var(--global-content-edge-padding);padding-right:var(--global-content-edge-padding);padding-top:0px;padding-bottom:35px;grid-template-columns:repeat(2, minmax(0, 1fr));}.kb-row-layout-id_e682f1-5f > .kt-row-layout-overlay{opacity:0.30;}@media all and (max-width: 1024px){.kb-row-layout-id_e682f1-5f > .kt-row-column-wrap{grid-template-columns:repeat(2, minmax(0, 1fr));}}@media all and (max-width: 767px){.kb-row-layout-id_e682f1-5f > .kt-row-column-wrap{grid-template-columns:minmax(0, 1fr);}}<\/style><div class=\"kb-row-layout-wrap kb-row-layout-id_e682f1-5f alignnone wp-block-kadence-rowlayout\"><div class=\"kt-row-column-wrap kt-has-2-columns kt-row-layout-equal kt-tab-layout-inherit kt-mobile-layout-row kt-row-valign-top kt-inner-column-height-full kb-theme-content-width\">\n<style>.kadence-column_4a6ade-c5 > .kt-inside-inner-col,.kadence-column_4a6ade-c5 > .kt-inside-inner-col:before{border-top-left-radius:0px;border-top-right-radius:0px;border-bottom-right-radius:0px;border-bottom-left-radius:0px;}.kadence-column_4a6ade-c5 > .kt-inside-inner-col:before{opacity:0.3;}.kadence-column_4a6ade-c5{position:relative;}<\/style>\n<div class=\"wp-block-kadence-column kadence-column_4a6ade-c5 inner-column-1\"><div class=\"kt-inside-inner-col\"><style>.kb-image_05dfde-1a .kb-image-has-overlay:after{opacity:0.3;}<\/style>\n<figure class=\"wp-block-kadence-image kb-image_05dfde-1a size-large\"><img loading=\"lazy\" decoding=\"async\" width=\"724\" height=\"1024\" src=\"http:\/\/5m-art.fr\/wp-content\/uploads\/2025\/06\/Hayadance-724x1024.jpg\" alt=\"\" class=\"kb-img wp-image-1067\" srcset=\"https:\/\/5m-art.fr\/wp-content\/uploads\/2025\/06\/Hayadance-724x1024.jpg 724w, https:\/\/5m-art.fr\/wp-content\/uploads\/2025\/06\/Hayadance-212x300.jpg 212w, https:\/\/5m-art.fr\/wp-content\/uploads\/2025\/06\/Hayadance-768x1086.jpg 768w, https:\/\/5m-art.fr\/wp-content\/uploads\/2025\/06\/Hayadance-1086x1536.jpg 1086w, https:\/\/5m-art.fr\/wp-content\/uploads\/2025\/06\/Hayadance.jpg 1414w\" sizes=\"(max-width: 724px) 100vw, 724px\" \/><\/figure>\n<\/div><\/div>\n\n\n<style>.kadence-column_5001f6-06 > .kt-inside-inner-col,.kadence-column_5001f6-06 > .kt-inside-inner-col:before{border-top-left-radius:7px;border-top-right-radius:7px;border-bottom-right-radius:7px;border-bottom-left-radius:7px;}.kadence-column_5001f6-06 > .kt-inside-inner-col{background-image:url('http:\/\/5m-art.fr\/wp-content\/uploads\/2023\/06\/GROUPE-SYMPA.jpg');background-size:cover;background-position:36% 63%;background-attachment:scroll;background-repeat:no-repeat;}.kadence-column_5001f6-06 > .kt-inside-inner-col:before{opacity:0.3;}.kadence-column_5001f6-06{position:relative;}<\/style>\n<div class=\"wp-block-kadence-column kadence-column_5001f6-06 inner-column-2\"><div class=\"kt-inside-inner-col\"><style>.kb-row-layout-wrap.wp-block-kadence-rowlayout.kb-row-layout-id_68ab62-5d{margin-bottom:-140px;}.kb-row-layout-id_68ab62-5d > .kt-row-column-wrap{align-content:start;}:where(.kb-row-layout-id_68ab62-5d > .kt-row-column-wrap) > .wp-block-kadence-column{justify-content:start;}.kb-row-layout-id_68ab62-5d > .kt-row-column-wrap{column-gap:var(--global-kb-gap-none, 0 );row-gap:var(--global-kb-gap-md, 2rem);padding-top:25px;padding-bottom:0px;grid-template-columns:minmax(0, 36%) minmax(0, 64%);}.kb-row-layout-id_68ab62-5d > .kt-row-layout-overlay{opacity:0.30;mix-blend-mode:normal;}.kb-row-layout-id_68ab62-5d{z-index:100;position:relative;}@media all and (max-width: 1024px){.kb-row-layout-id_68ab62-5d > .kt-row-column-wrap{grid-template-columns:repeat(2, minmax(0, 1fr));}}@media all and (max-width: 767px){.kb-row-layout-id_68ab62-5d > .kt-row-column-wrap{padding-top:50px;padding-bottom:300px;grid-template-columns:minmax(0, 1fr);}}<\/style><div class=\"kb-row-layout-wrap kb-row-layout-id_68ab62-5d alignnone wp-block-kadence-rowlayout\"><div class=\"kt-row-column-wrap kt-has-2-columns kt-row-layout-equal kt-tab-layout-inherit kt-mobile-layout-row kt-row-valign-top\">\n<style>.kadence-column_4596a1-e0 > .kt-inside-inner-col,.kadence-column_4596a1-e0 > .kt-inside-inner-col:before{border-top-left-radius:0px;border-top-right-radius:0px;border-bottom-right-radius:0px;border-bottom-left-radius:0px;}.kadence-column_4596a1-e0 > .kt-inside-inner-col:before{opacity:0.3;}.kadence-column_4596a1-e0{position:relative;}<\/style>\n<div class=\"wp-block-kadence-column kadence-column_4596a1-e0 inner-column-1\"><div class=\"kt-inside-inner-col\"><\/div><\/div>\n\n\n<style>.kadence-column_120efe-7c, .kt-inside-inner-col > .kadence-column_120efe-7c:not(.specificity){margin-top:-70px;margin-right:20px;}.kadence-column_120efe-7c > .kt-inside-inner-col{padding-top:0px;padding-right:0px;padding-bottom:0px;padding-left:0px;}.kadence-column_120efe-7c > .kt-inside-inner-col,.kadence-column_120efe-7c > .kt-inside-inner-col:before{border-top-left-radius:7px;border-top-right-radius:7px;border-bottom-right-radius:7px;border-bottom-left-radius:7px;}.kadence-column_120efe-7c > .kt-inside-inner-col:before{opacity:0.3;}.kadence-column_120efe-7c{position:relative;}<\/style>\n<div class=\"wp-block-kadence-column kadence-column_120efe-7c inner-column-2\"><div class=\"kt-inside-inner-col\"><style>.kb-row-layout-id_d7f8a9-d8 > .kt-row-column-wrap{align-content:start;}:where(.kb-row-layout-id_d7f8a9-d8 > .kt-row-column-wrap) > .wp-block-kadence-column{justify-content:start;}.kb-row-layout-id_d7f8a9-d8 > .kt-row-column-wrap{column-gap:var(--global-kb-gap-md, 2rem);row-gap:var(--global-kb-gap-md, 2rem);padding-top:25px;padding-right:30px;padding-bottom:26px;padding-left:30px;grid-template-columns:minmax(0, 1fr);}.kb-row-layout-id_d7f8a9-d8{border-top-left-radius:7px;border-top-right-radius:7px;border-bottom-right-radius:7px;border-bottom-left-radius:7px;overflow:hidden;isolation:isolate;}.kb-row-layout-id_d7f8a9-d8 > .kt-row-layout-overlay{opacity:0.40;background-image:url('http:\/\/pethomeo.fr\/wp-content\/uploads\/2022\/11\/patter-white.png');background-size:cover;background-position:center center;background-attachment:scroll;background-repeat:no-repeat;mix-blend-mode:overlay;}@media all and (max-width: 1024px){.kb-row-layout-id_d7f8a9-d8 > .kt-row-column-wrap{grid-template-columns:minmax(0, 1fr);}}@media all and (max-width: 767px){.kb-row-layout-id_d7f8a9-d8 > .kt-row-column-wrap{grid-template-columns:minmax(0, 1fr);}}<\/style><div class=\"kb-row-layout-wrap kb-row-layout-id_d7f8a9-d8 alignnone has-theme-palette1-background-color kt-row-has-bg wp-block-kadence-rowlayout\"><div class=\"kt-row-layout-overlay kt-row-overlay-normal\"><\/div><div class=\"kt-row-column-wrap kt-has-1-columns kt-row-layout-equal kt-tab-layout-inherit kt-mobile-layout-row kt-row-valign-top\">\n<style>.kadence-column_5a2f67-b3 > .kt-inside-inner-col,.kadence-column_5a2f67-b3 > .kt-inside-inner-col:before{border-top-left-radius:0px;border-top-right-radius:0px;border-bottom-right-radius:0px;border-bottom-left-radius:0px;}.kadence-column_5a2f67-b3 > .kt-inside-inner-col:before{opacity:0.3;}.kadence-column_5a2f67-b3{position:relative;}<\/style>\n<div class=\"wp-block-kadence-column kadence-column_5a2f67-b3 inner-column-1\"><div class=\"kt-inside-inner-col\"><style>.wp-block-kadence-advancedheading.kt-adv-heading_64dbd6-61, .wp-block-kadence-advancedheading.kt-adv-heading_64dbd6-61[data-kb-block=\"kb-adv-heading_64dbd6-61\"]{font-size:28px;font-style:normal;}.wp-block-kadence-advancedheading.kt-adv-heading_64dbd6-61 mark, .wp-block-kadence-advancedheading.kt-adv-heading_64dbd6-61[data-kb-block=\"kb-adv-heading_64dbd6-61\"] mark{font-style:normal;color:#f76a0c;padding-top:0px;padding-right:0px;padding-bottom:0px;padding-left:0px;}<\/style>\n<h4 class=\"kt-adv-heading_64dbd6-61 wp-block-kadence-advancedheading has-theme-palette-9-color has-text-color\" data-kb-block=\"kb-adv-heading_64dbd6-61\">Femmes enceintes &#8211; Sportives &#8211; S\u00e9niores &#8211; M\u00e9nopaus\u00e9es<\/h4>\n<\/div><\/div>\n\n<\/div><\/div><\/div><\/div>\n\n<\/div><\/div>\n\n<style>.kb-row-layout-id_e710ae-13 > .kt-row-column-wrap{align-content:start;}:where(.kb-row-layout-id_e710ae-13 > .kt-row-column-wrap) > .wp-block-kadence-column{justify-content:start;}.kb-row-layout-id_e710ae-13 > .kt-row-column-wrap{column-gap:var(--global-kb-gap-md, 2rem);row-gap:var(--global-kb-gap-md, 2rem);padding-top:0px;padding-bottom:25px;grid-template-columns:minmax(0, 1fr);}.kb-row-layout-id_e710ae-13 > .kt-row-layout-overlay{opacity:0.30;}@media all and (max-width: 1024px){.kb-row-layout-id_e710ae-13 > .kt-row-column-wrap{grid-template-columns:minmax(0, 1fr);}}@media all and (max-width: 767px){.kb-row-layout-id_e710ae-13 > .kt-row-column-wrap{grid-template-columns:minmax(0, 1fr);}}<\/style><div class=\"kb-row-layout-wrap kb-row-layout-id_e710ae-13 alignnone wp-block-kadence-rowlayout\"><div class=\"kt-row-column-wrap kt-has-1-columns kt-row-layout-equal kt-tab-layout-inherit kt-mobile-layout-row kt-row-valign-top\">\n<style>.kadence-column_829aad-68 > .kt-inside-inner-col,.kadence-column_829aad-68 > .kt-inside-inner-col:before{border-top-left-radius:0px;border-top-right-radius:0px;border-bottom-right-radius:0px;border-bottom-left-radius:0px;}.kadence-column_829aad-68 > .kt-inside-inner-col:before{opacity:0.3;}.kadence-column_829aad-68{position:relative;}<\/style>\n<div class=\"wp-block-kadence-column kadence-column_829aad-68 inner-column-1\"><div class=\"kt-inside-inner-col\"><\/div><\/div>\n\n<\/div><\/div><\/div><\/div>\n\n<\/div><\/div>\n\n<style>.kb-row-layout-id_fd7097-00 > .kt-row-column-wrap{align-content:start;}:where(.kb-row-layout-id_fd7097-00 > .kt-row-column-wrap) > .wp-block-kadence-column{justify-content:start;}.kb-row-layout-id_fd7097-00 > .kt-row-column-wrap{column-gap:var(--global-kb-gap-md, 2rem);row-gap:var(--global-kb-gap-md, 2rem);padding-top:var(--global-kb-spacing-sm, 1.5rem);padding-bottom:var(--global-kb-spacing-sm, 1.5rem);grid-template-columns:repeat(2, minmax(0, 1fr));}.kb-row-layout-id_fd7097-00 > .kt-row-layout-overlay{opacity:0.30;}@media all and (max-width: 1024px){.kb-row-layout-id_fd7097-00 > .kt-row-column-wrap{grid-template-columns:repeat(2, minmax(0, 1fr));}}@media all and (max-width: 767px){.kb-row-layout-id_fd7097-00 > .kt-row-column-wrap{grid-template-columns:minmax(0, 1fr);}}<\/style><div class=\"kb-row-layout-wrap kb-row-layout-id_fd7097-00 alignnone wp-block-kadence-rowlayout\"><div class=\"kt-row-column-wrap kt-has-2-columns kt-row-layout-equal kt-tab-layout-inherit kt-mobile-layout-row kt-row-valign-top\">\n<style>.kadence-column_e10745-95 > .kt-inside-inner-col,.kadence-column_e10745-95 > .kt-inside-inner-col:before{border-top-left-radius:0px;border-top-right-radius:0px;border-bottom-right-radius:0px;border-bottom-left-radius:0px;}.kadence-column_e10745-95 > .kt-inside-inner-col:before{opacity:0.3;}.kadence-column_e10745-95{position:relative;}<\/style>\n<div class=\"wp-block-kadence-column kadence-column_e10745-95\"><div class=\"kt-inside-inner-col\"><style>.kb-image_b69f3b-85 .kb-image-has-overlay:after{opacity:0.3;}<\/style>\n<figure class=\"wp-block-kadence-image kb-image_b69f3b-85 size-large\"><img loading=\"lazy\" decoding=\"async\" width=\"724\" height=\"1024\" src=\"https:\/\/5m-art.fr\/wp-content\/uploads\/2025\/06\/Document-Presentation-A4-Livret-dAccueil-Entreprise-Location-Immobilier-Moderne-Blanc-Beige-724x1024.jpg\" alt=\"\" class=\"kb-img wp-image-1073\" srcset=\"https:\/\/5m-art.fr\/wp-content\/uploads\/2025\/06\/Document-Presentation-A4-Livret-dAccueil-Entreprise-Location-Immobilier-Moderne-Blanc-Beige-724x1024.jpg 724w, https:\/\/5m-art.fr\/wp-content\/uploads\/2025\/06\/Document-Presentation-A4-Livret-dAccueil-Entreprise-Location-Immobilier-Moderne-Blanc-Beige-212x300.jpg 212w, https:\/\/5m-art.fr\/wp-content\/uploads\/2025\/06\/Document-Presentation-A4-Livret-dAccueil-Entreprise-Location-Immobilier-Moderne-Blanc-Beige-768x1086.jpg 768w, https:\/\/5m-art.fr\/wp-content\/uploads\/2025\/06\/Document-Presentation-A4-Livret-dAccueil-Entreprise-Location-Immobilier-Moderne-Blanc-Beige-1086x1536.jpg 1086w, https:\/\/5m-art.fr\/wp-content\/uploads\/2025\/06\/Document-Presentation-A4-Livret-dAccueil-Entreprise-Location-Immobilier-Moderne-Blanc-Beige.jpg 1414w\" sizes=\"(max-width: 724px) 100vw, 724px\" \/><\/figure>\n<\/div><\/div>\n\n\n<style>.kadence-column_456e33-b0 > .kt-inside-inner-col,.kadence-column_456e33-b0 > .kt-inside-inner-col:before{border-top-left-radius:0px;border-top-right-radius:0px;border-bottom-right-radius:0px;border-bottom-left-radius:0px;}.kadence-column_456e33-b0 > .kt-inside-inner-col:before{opacity:0.3;}.kadence-column_456e33-b0{position:relative;}<\/style>\n<div class=\"wp-block-kadence-column kadence-column_456e33-b0\"><div class=\"kt-inside-inner-col\">\n<figure class=\"wp-block-embed is-type-video is-provider-youtube wp-block-embed-youtube wp-embed-aspect-16-9 wp-has-aspect-ratio\"><div class=\"wp-block-embed__wrapper\">\nhttps:\/\/youtu.be\/9iK_kS0G1Ng\n<\/div><\/figure>\n<\/div><\/div>\n\n<\/div><\/div>","protected":false},"excerpt":{"rendered":"<p>Femmes enceintes &#8211; Sportives &#8211; S\u00e9niores &#8211; M\u00e9nopaus\u00e9es<\/p>\n","protected":false},"author":1,"featured_media":0,"parent":0,"menu_order":0,"comment_status":"closed","ping_status":"closed","template":"","meta":{"_kad_post_transparent":"","_kad_post_title":"","_kad_post_layout":"","_kad_post_sidebar_id":"","_kad_post_content_style":"","_kad_post_vertical_padding":"","_kad_post_feature":"","_kad_post_feature_position":"","_kad_post_header":false,"_kad_post_footer":false,"footnotes":""},"class_list":["post-116","page","type-page","status-publish","hentry"],"_links":{"self":[{"href":"https:\/\/5m-art.fr\/index.php?rest_route=\/wp\/v2\/pages\/116"}],"collection":[{"href":"https:\/\/5m-art.fr\/index.php?rest_route=\/wp\/v2\/pages"}],"about":[{"href":"https:\/\/5m-art.fr\/index.php?rest_route=\/wp\/v2\/types\/page"}],"author":[{"embeddable":true,"href":"https:\/\/5m-art.fr\/index.php?rest_route=\/wp\/v2\/users\/1"}],"replies":[{"embeddable":true,"href":"https:\/\/5m-art.fr\/index.php?rest_route=%2Fwp%2Fv2%2Fcomments&post=116"}],"version-history":[{"count":11,"href":"https:\/\/5m-art.fr\/index.php?rest_route=\/wp\/v2\/pages\/116\/revisions"}],"predecessor-version":[{"id":1074,"href":"https:\/\/5m-art.fr\/index.php?rest_route=\/wp\/v2\/pages\/116\/revisions\/1074"}],"wp:attachment":[{"href":"https:\/\/5m-art.fr\/index.php?rest_route=%2Fwp%2Fv2%2Fmedia&parent=116"}],"curies":[{"name":"wp","href":"https:\/\/api.w.org\/{rel}","templated":true}]}}