{"id":17,"date":"2023-06-24T06:16:27","date_gmt":"2023-06-24T04:16:27","guid":{"rendered":"https:\/\/5m-art.fr\/?page_id=17"},"modified":"2023-06-24T06:16:28","modified_gmt":"2023-06-24T04:16:28","slug":"politique-de-cookies","status":"publish","type":"page","link":"https:\/\/5m-art.fr\/?page_id=17","title":{"rendered":"Politique de cookies"},"content":{"rendered":"\n<h2 class=\"wp-block-heading\">Politique de cookies<\/h2>\n\n\n\n<p>Le pr\u00e9sent document d\u00e9crit la mani\u00e8re dont les cookies sont utilis\u00e9s sur le site web \u00ab\u00a05M-art.fr \u00ab\u00a0. La Politique de Cookies s&rsquo;applique \u00e0 tous les visiteurs du Site.<\/p>\n\n\n\n<p>Article 1 &#8211; D\u00e9finition des cookies<br>Un cookie est un fichier texte stock\u00e9 sur votre ordinateur ou votre appareil mobile par le Site que vous visitez. Les cookies permettent au Site de vous identifier et de m\u00e9moriser vos pr\u00e9f\u00e9rences.<\/p>\n\n\n\n<p>Article 2 &#8211; Types de cookies utilis\u00e9s<br>Le Site utilise les types de cookies suivants :<\/p>\n\n\n\n<p>Les cookies techniques, n\u00e9cessaires au bon fonctionnement du Site ;<br>Les cookies de mesure d&rsquo;audience, permettant de mesurer l&rsquo;utilisation du Site et de collecter des statistiques de fr\u00e9quentation ;<br>Les cookies publicitaires, permettant d&rsquo;afficher des publicit\u00e9s adapt\u00e9es \u00e0 vos centres d&rsquo;int\u00e9r\u00eat.<\/p>\n\n\n\n<p><br>Article 3 &#8211; Consentement de l&rsquo;Utilisateur<br>En visitant le Site pour la premi\u00e8re fois, vous \u00eates inform\u00e9 de l&rsquo;utilisation des cookies et invit\u00e9 \u00e0 donner votre consentement. Vous pouvez \u00e0 tout moment revenir sur votre consentement en modifiant les param\u00e8tres de votre navigateur.<\/p>\n\n\n\n<p>Article 4 &#8211; Gestion des cookies<br>Vous pouvez refuser les cookies en modifiant les param\u00e8tres de votre navigateur, mais cela peut affecter votre exp\u00e9rience sur le Site. Vous pouvez \u00e9galement supprimer les cookies d\u00e9j\u00e0 stock\u00e9s sur votre ordinateur ou votre appareil mobile.<\/p>\n\n\n\n<p>Article 5 &#8211; Dur\u00e9e de conservation des cookies<br>Les cookies sont conserv\u00e9s pendant une dur\u00e9e maximale de 13 mois \u00e0 compter de leur d\u00e9p\u00f4t sur votre ordinateur ou votre appareil mobile.<\/p>\n\n\n\n<p>Article 6 &#8211; Cookies tiers<br>Le Site utilise des cookies tiers, notamment ceux de Google Analytics pour la mesure d&rsquo;audience et ceux de Facebook pour la publicit\u00e9. Ces cookies sont soumis aux politiques de confidentialit\u00e9 des tiers concern\u00e9s.<\/p>\n\n\n\n<p>Article 7 &#8211; Modification de la Politique de Cookies<br>Le Site se r\u00e9serve le droit de modifier la pr\u00e9sente Politique de Cookies \u00e0 tout moment et sans pr\u00e9avis. Les modifications seront applicables d\u00e8s leur mise en ligne sur le Site.<\/p>\n\n\n\n<p>Article 8 &#8211; Loi applicable et juridiction comp\u00e9tente<br>La pr\u00e9sente Politique de Cookies est r\u00e9gie par le droit fran\u00e7ais. Tout litige relatif \u00e0 l&rsquo;utilisation des cookies sera soumis aux tribunaux comp\u00e9tents dans les conditions de droit commun.<\/p>\n","protected":false},"excerpt":{"rendered":"<p>Politique de cookies Le pr\u00e9sent document d\u00e9crit la mani\u00e8re dont les cookies sont utilis\u00e9s sur le site web \u00ab\u00a05M-art.fr \u00ab\u00a0. La Politique de Cookies s&rsquo;applique \u00e0 tous les visiteurs du Site. Article 1 &#8211; D\u00e9finition des cookiesUn cookie est un fichier texte stock\u00e9 sur votre ordinateur ou votre appareil mobile par le Site que vous&#8230;<\/p>\n","protected":false},"author":1,"featured_media":0,"parent":0,"menu_order":0,"comment_status":"closed","ping_status":"closed","template":"","meta":{"_kad_post_transparent":"","_kad_post_title":"","_kad_post_layout":"","_kad_post_sidebar_id":"","_kad_post_content_style":"","_kad_post_vertical_padding":"","_kad_post_feature":"","_kad_post_feature_position":"","_kad_post_header":false,"_kad_post_footer":false,"footnotes":""},"class_list":["post-17","page","type-page","status-publish","hentry"],"_links":{"self":[{"href":"https:\/\/5m-art.fr\/index.php?rest_route=\/wp\/v2\/pages\/17"}],"collection":[{"href":"https:\/\/5m-art.fr\/index.php?rest_route=\/wp\/v2\/pages"}],"about":[{"href":"https:\/\/5m-art.fr\/index.php?rest_route=\/wp\/v2\/types\/page"}],"author":[{"embeddable":true,"href":"https:\/\/5m-art.fr\/index.php?rest_route=\/wp\/v2\/users\/1"}],"replies":[{"embeddable":true,"href":"https:\/\/5m-art.fr\/index.php?rest_route=%2Fwp%2Fv2%2Fcomments&post=17"}],"version-history":[{"count":1,"href":"https:\/\/5m-art.fr\/index.php?rest_route=\/wp\/v2\/pages\/17\/revisions"}],"predecessor-version":[{"id":18,"href":"https:\/\/5m-art.fr\/index.php?rest_route=\/wp\/v2\/pages\/17\/revisions\/18"}],"wp:attachment":[{"href":"https:\/\/5m-art.fr\/index.php?rest_route=%2Fwp%2Fv2%2Fmedia&parent=17"}],"curies":[{"name":"wp","href":"https:\/\/api.w.org\/{rel}","templated":true}]}}