{"id":251,"date":"2023-07-15T04:53:47","date_gmt":"2023-07-15T02:53:47","guid":{"rendered":"https:\/\/5m-art.fr\/?page_id=251"},"modified":"2025-09-08T12:25:31","modified_gmt":"2025-09-08T10:25:31","slug":"agrements","status":"publish","type":"page","link":"https:\/\/5m-art.fr\/?page_id=251","title":{"rendered":"CHARTE ET R\u00c8GLEMENT INT\u00c9RIEUR"},"content":{"rendered":"<style>.kb-row-layout-wrap.wp-block-kadence-rowlayout.kb-row-layout-id_f248f4-6c{margin-top:-10px;margin-bottom:0px;}.kb-row-layout-id_f248f4-6c > .kt-row-column-wrap{align-content:start;}:where(.kb-row-layout-id_f248f4-6c > .kt-row-column-wrap) > .wp-block-kadence-column{justify-content:start;}.kb-row-layout-id_f248f4-6c > .kt-row-column-wrap{column-gap:var(--global-kb-gap-none, 0 );row-gap:var(--global-kb-gap-md, 2rem);max-width:1250px;margin-left:auto;margin-right:auto;padding-top:0px;padding-right:0px;padding-bottom:45px;padding-left:0px;grid-template-columns:repeat(3, minmax(0, 1fr));}.kb-row-layout-id_f248f4-6c > .kt-row-layout-overlay{opacity:0.30;}@media all and (max-width: 1024px){.kb-row-layout-id_f248f4-6c > .kt-row-column-wrap{grid-template-columns:repeat(3, minmax(0, 1fr));}}@media all and (max-width: 767px){.kb-row-layout-id_f248f4-6c > .kt-row-column-wrap{grid-template-columns:minmax(0, 1fr);}}<\/style><div class=\"kb-row-layout-wrap kb-row-layout-id_f248f4-6c alignnone wp-block-kadence-rowlayout\"><div class=\"kt-row-column-wrap kt-has-3-columns kt-row-layout-equal kt-tab-layout-inherit kt-mobile-layout-row kt-row-valign-top\">\n<style>.kadence-column_f86fcd-11, .kt-inside-inner-col > .kadence-column_f86fcd-11:not(.specificity){margin-top:0px;margin-right:20px;margin-bottom:0px;margin-left:0px;}.kadence-column_f86fcd-11 > .kt-inside-inner-col{padding-top:0px;padding-right:0px;padding-bottom:0px;padding-left:0px;}.kadence-column_f86fcd-11 > .kt-inside-inner-col,.kadence-column_f86fcd-11 > .kt-inside-inner-col:before{border-top-left-radius:0px;border-top-right-radius:0px;border-bottom-right-radius:0px;border-bottom-left-radius:0px;}.kadence-column_f86fcd-11 > .kt-inside-inner-col:before{opacity:0.3;}.kadence-column_f86fcd-11{position:relative;}@media all and (max-width: 767px){.kadence-column_f86fcd-11, .kt-inside-inner-col > .kadence-column_f86fcd-11:not(.specificity){margin-top:0px;margin-right:0px;margin-bottom:0px;margin-left:0px;}}<\/style>\n<div class=\"wp-block-kadence-column kadence-column_f86fcd-11 inner-column-1\"><div class=\"kt-inside-inner-col\"><style>.kt-info-box_8cf33e-85 .kt-blocks-info-box-link-wrap{border-top-left-radius:10px;border-top-right-radius:10px;border-bottom-right-radius:10px;border-bottom-left-radius:10px;background:rgba(242, 242, 242, 0);padding-top:20px;padding-right:20px;padding-bottom:20px;padding-left:20px;}.kt-info-box_8cf33e-85 .kt-blocks-info-box-link-wrap:hover{background:var(--global-palette8, #F7FAFC);}.kt-info-box_8cf33e-85 .kt-info-svg-icon, .kt-info-box_8cf33e-85 .kt-info-svg-icon-flip, .kt-info-box_8cf33e-85 .kt-blocks-info-box-number{font-size:20px;}.kt-info-box_8cf33e-85 .kt-blocks-info-box-media{color:var(--global-palette4, #2D3748);background:transparent;border-color:var(--global-palette4, #2D3748);border-radius:6px;border-top-width:1px;border-right-width:1px;border-bottom-width:1px;border-left-width:1px;padding-top:10px;padding-right:10px;padding-bottom:10px;padding-left:10px;}.kt-info-box_8cf33e-85 .kt-blocks-info-box-media-container{margin-top:0px;margin-right:0px;margin-bottom:12px;margin-left:0px;}.kt-info-box_8cf33e-85 .kt-blocks-info-box-media .kadence-info-box-image-intrisic img{border-radius:6px;}.kt-info-box_8cf33e-85 .kt-blocks-info-box-link-wrap:hover .kt-blocks-info-box-media{color:var(--global-palette4, #2D3748);background:transparent;border-color:var(--global-palette4, #2D3748);}.kt-info-box_8cf33e-85 h5.kt-blocks-info-box-title{padding-top:0px;padding-right:0px;padding-bottom:0px;padding-left:0px;margin-top:0px;margin-right:0px;margin-bottom:10px;margin-left:0px;}.kt-info-box_8cf33e-85 .kt-blocks-info-box-text{color:var(--global-palette6, #718096);}.kt-info-box_8cf33e-85 .kt-blocks-info-box-learnmore{background:transparent;border-color:#555555;border-width:0px 0px 0px 0px;padding-top:4px;padding-right:8px;padding-bottom:4px;padding-left:8px;margin:10px 0px 10px 0px;}.kt-info-box_8cf33e-85 .kt-blocks-info-box-link-wrap:hover .kt-blocks-info-box-learnmore{color:#ffffff;background:#444444;border-color:#444444;}<\/style>\n<div class=\"wp-block-kadence-infobox kt-info-box_8cf33e-85\"><a class=\"kt-blocks-info-box-link-wrap info-box-link kt-blocks-info-box-media-align-top kt-info-halign-left kb-info-tablet-halign-center kb-info-mobile-halign-center\" href=\"#\"><div class=\"kt-blocks-info-box-media-container\"><div class=\"kt-blocks-info-box-media kt-info-media-animate-none\"><div class=\"kadence-info-box-icon-container kt-info-icon-animate-none\"><div class=\"kadence-info-box-icon-inner-container\"><span class=\"kb-svg-icon-wrap kb-svg-icon-fas_book-open kt-info-svg-icon\"><svg viewBox=\"0 0 576 512\"  fill=\"currentColor\" xmlns=\"http:\/\/www.w3.org\/2000\/svg\" ><path d=\"M542.22 32.05c-54.8 3.11-163.72 14.43-230.96 55.59-4.64 2.84-7.27 7.89-7.27 13.17v363.87c0 11.55 12.63 18.85 23.28 13.49 69.18-34.82 169.23-44.32 218.7-46.92 16.89-.89 30.02-14.43 30.02-30.66V62.75c.01-17.71-15.35-31.74-33.77-30.7zM264.73 87.64C197.5 46.48 88.58 35.17 33.78 32.05 15.36 31.01 0 45.04 0 62.75V400.6c0 16.24 13.13 29.78 30.02 30.66 49.49 2.6 149.59 12.11 218.77 46.95 10.62 5.35 23.21-1.94 23.21-13.46V100.63c0-5.29-2.62-10.14-7.27-12.99z\"\/><\/svg><\/span><\/div><\/div><\/div><\/div><div class=\"kt-infobox-textcontent\"><h5 class=\"kt-blocks-info-box-title\">Valeurs<\/h5><p class=\"kt-blocks-info-box-text\">-\u00c9thique<br\/>-Solidarit\u00e9<br\/>-Convivialit\u00e9<br\/>-Ponctualit\u00e9 &amp; assiduit\u00e9<br\/>-Engagement &amp; implication<br\/>-Respect, courtoisie  &amp; politesse<br\/>-Plaisir dans la pratique sportive<\/p><\/div><\/a><\/div>\n<\/div><\/div>\n\n\n<style>.kadence-column_837165-96, .kt-inside-inner-col > .kadence-column_837165-96:not(.specificity){margin-top:0px;margin-right:10px;margin-bottom:0px;margin-left:10px;}.kadence-column_837165-96 > .kt-inside-inner-col{padding-top:0px;padding-right:0px;padding-bottom:0px;padding-left:0px;}.kadence-column_837165-96 > .kt-inside-inner-col,.kadence-column_837165-96 > .kt-inside-inner-col:before{border-top-left-radius:0px;border-top-right-radius:0px;border-bottom-right-radius:0px;border-bottom-left-radius:0px;}.kadence-column_837165-96 > .kt-inside-inner-col:before{opacity:0.3;}.kadence-column_837165-96{position:relative;}@media all and (max-width: 767px){.kadence-column_837165-96, .kt-inside-inner-col > .kadence-column_837165-96:not(.specificity){margin-top:40px;margin-right:0px;margin-bottom:0px;margin-left:0px;}}<\/style>\n<div class=\"wp-block-kadence-column kadence-column_837165-96 inner-column-2\"><div class=\"kt-inside-inner-col\"><style>.kt-info-box_cbe3a9-82 .kt-blocks-info-box-link-wrap{border-top-left-radius:10px;border-top-right-radius:10px;border-bottom-right-radius:10px;border-bottom-left-radius:10px;background:rgba(242, 242, 242, 0);padding-top:20px;padding-right:20px;padding-bottom:20px;padding-left:20px;}.kt-info-box_cbe3a9-82 .kt-blocks-info-box-link-wrap:hover{background:var(--global-palette8, #F7FAFC);}.kt-info-box_cbe3a9-82 .kt-info-svg-icon, .kt-info-box_cbe3a9-82 .kt-info-svg-icon-flip, .kt-info-box_cbe3a9-82 .kt-blocks-info-box-number{font-size:20px;}.kt-info-box_cbe3a9-82 .kt-blocks-info-box-media{color:var(--global-palette4, #2D3748);background:transparent;border-color:var(--global-palette4, #2D3748);border-radius:6px;border-top-width:1px;border-right-width:1px;border-bottom-width:1px;border-left-width:1px;padding-top:10px;padding-right:10px;padding-bottom:10px;padding-left:10px;}.kt-info-box_cbe3a9-82 .kt-blocks-info-box-media-container{margin-top:0px;margin-right:0px;margin-bottom:12px;margin-left:0px;}.kt-info-box_cbe3a9-82 .kt-blocks-info-box-media .kadence-info-box-image-intrisic img{border-radius:6px;}.kt-info-box_cbe3a9-82 .kt-blocks-info-box-link-wrap:hover .kt-blocks-info-box-media{color:var(--global-palette4, #2D3748);background:transparent;border-color:var(--global-palette4, #2D3748);}.kt-info-box_cbe3a9-82 h5.kt-blocks-info-box-title{padding-top:0px;padding-right:0px;padding-bottom:0px;padding-left:0px;margin-top:0px;margin-right:0px;margin-bottom:10px;margin-left:0px;}.kt-info-box_cbe3a9-82 .kt-blocks-info-box-text{color:var(--global-palette6, #718096);}.kt-info-box_cbe3a9-82 .kt-blocks-info-box-learnmore{background:transparent;border-color:#555555;border-width:0px 0px 0px 0px;padding-top:4px;padding-right:8px;padding-bottom:4px;padding-left:8px;margin:10px 0px 10px 0px;}.kt-info-box_cbe3a9-82 .kt-blocks-info-box-link-wrap:hover .kt-blocks-info-box-learnmore{color:#ffffff;background:#444444;border-color:#444444;}<\/style>\n<div class=\"wp-block-kadence-infobox kt-info-box_cbe3a9-82\"><a class=\"kt-blocks-info-box-link-wrap info-box-link kt-blocks-info-box-media-align-top kt-info-halign-left kb-info-tablet-halign-center kb-info-mobile-halign-center\" href=\"#\"><div class=\"kt-blocks-info-box-media-container\"><div class=\"kt-blocks-info-box-media kt-info-media-animate-none\"><div class=\"kadence-info-box-icon-container kt-info-icon-animate-none\"><div class=\"kadence-info-box-icon-inner-container\"><span class=\"kb-svg-icon-wrap kb-svg-icon-ic_people kt-info-svg-icon\"><svg viewBox=\"0 0 8 8\"  fill=\"currentColor\" xmlns=\"http:\/\/www.w3.org\/2000\/svg\" ><path d=\"M5.5 0c-.51 0-.95.35-1.22.88.45.54.72 1.28.72 2.13 0 .29-.03.55-.09.81.19.11.38.19.59.19.83 0 1.5-.9 1.5-2s-.67-2-1.5-2zm-3 1c-.83 0-1.5.9-1.5 2s.67 2 1.5 2 1.5-.9 1.5-2-.67-2-1.5-2zm4.75 3.16c-.43.51-1.02.82-1.69.84.27.38.44.84.44 1.34v.66h2v-1.66c0-.52-.31-.97-.75-1.19zm-6.5 1c-.44.22-.75.67-.75 1.19v1.66h5v-1.66c0-.52-.31-.97-.75-1.19-.45.53-1.06.84-1.75.84s-1.3-.32-1.75-.84z\"\/><\/svg><\/span><\/div><\/div><\/div><\/div><div class=\"kt-infobox-textcontent\"><h5 class=\"kt-blocks-info-box-title\">Responsabilit\u00e9s<\/h5><p class=\"kt-blocks-info-box-text\">-Respecter les valeur du club<br\/>-\u00catre cordiale avec tout le monde<br\/>-Exclure toute forme de discrimination<br\/>-Respecter les r\u00e8gles de la pratique sportive<br\/>-Ne pas communiquer une mauvaise image du club<\/p><\/div><\/a><\/div>\n<\/div><\/div>\n\n\n<style>.kadence-column_d5aee0-4a, .kt-inside-inner-col > .kadence-column_d5aee0-4a:not(.specificity){margin-top:0px;margin-right:0px;margin-bottom:0px;margin-left:20px;}.kadence-column_d5aee0-4a > .kt-inside-inner-col{padding-top:0px;padding-right:0px;padding-bottom:0px;padding-left:0px;}.kadence-column_d5aee0-4a > .kt-inside-inner-col,.kadence-column_d5aee0-4a > .kt-inside-inner-col:before{border-top-left-radius:0px;border-top-right-radius:0px;border-bottom-right-radius:0px;border-bottom-left-radius:0px;}.kadence-column_d5aee0-4a > .kt-inside-inner-col:before{opacity:0.3;}.kadence-column_d5aee0-4a{position:relative;}@media all and (max-width: 767px){.kadence-column_d5aee0-4a, .kt-inside-inner-col > .kadence-column_d5aee0-4a:not(.specificity){margin-top:40px;margin-right:0px;margin-bottom:0px;margin-left:0px;}}<\/style>\n<div class=\"wp-block-kadence-column kadence-column_d5aee0-4a inner-column-3\"><div class=\"kt-inside-inner-col\"><style>.kt-info-box_8a3be4-21 .kt-blocks-info-box-link-wrap{border-top-left-radius:10px;border-top-right-radius:10px;border-bottom-right-radius:10px;border-bottom-left-radius:10px;background:rgba(242, 242, 242, 0);padding-top:20px;padding-right:20px;padding-bottom:20px;padding-left:20px;}.kt-info-box_8a3be4-21 .kt-blocks-info-box-link-wrap:hover{background:var(--global-palette8, #F7FAFC);}.kt-info-box_8a3be4-21 .kt-info-svg-icon, .kt-info-box_8a3be4-21 .kt-info-svg-icon-flip, .kt-info-box_8a3be4-21 .kt-blocks-info-box-number{font-size:20px;}.kt-info-box_8a3be4-21 .kt-blocks-info-box-media{color:var(--global-palette4, #2D3748);background:transparent;border-color:var(--global-palette4, #2D3748);border-radius:6px;border-top-width:1px;border-right-width:1px;border-bottom-width:1px;border-left-width:1px;padding-top:10px;padding-right:10px;padding-bottom:10px;padding-left:10px;}.kt-info-box_8a3be4-21 .kt-blocks-info-box-media-container{margin-top:0px;margin-right:0px;margin-bottom:12px;margin-left:0px;}.kt-info-box_8a3be4-21 .kt-blocks-info-box-media .kadence-info-box-image-intrisic img{border-radius:6px;}.kt-info-box_8a3be4-21 .kt-blocks-info-box-link-wrap:hover .kt-blocks-info-box-media{color:var(--global-palette4, #2D3748);background:transparent;border-color:var(--global-palette4, #2D3748);}.kt-info-box_8a3be4-21 h5.kt-blocks-info-box-title{padding-top:0px;padding-right:0px;padding-bottom:0px;padding-left:0px;margin-top:0px;margin-right:0px;margin-bottom:10px;margin-left:0px;}.kt-info-box_8a3be4-21 .kt-blocks-info-box-text{color:var(--global-palette6, #718096);}.kt-info-box_8a3be4-21 .kt-blocks-info-box-learnmore{background:transparent;border-color:#555555;border-width:0px 0px 0px 0px;padding-top:4px;padding-right:8px;padding-bottom:4px;padding-left:8px;margin:10px 0px 10px 0px;}.kt-info-box_8a3be4-21 .kt-blocks-info-box-link-wrap:hover .kt-blocks-info-box-learnmore{color:#ffffff;background:#444444;border-color:#444444;}<\/style>\n<div class=\"wp-block-kadence-infobox kt-info-box_8a3be4-21\"><a class=\"kt-blocks-info-box-link-wrap info-box-link kt-blocks-info-box-media-align-top kt-info-halign-left kb-info-tablet-halign-center kb-info-mobile-halign-center\" href=\"#\"><div class=\"kt-blocks-info-box-media-container\"><div class=\"kt-blocks-info-box-media kt-info-media-animate-none\"><div class=\"kadence-info-box-icon-container kt-info-icon-animate-none\"><div class=\"kadence-info-box-icon-inner-container\"><span class=\"kb-svg-icon-wrap kb-svg-icon-fas_hands-helping kt-info-svg-icon\"><svg viewBox=\"0 0 640 512\"  fill=\"currentColor\" xmlns=\"http:\/\/www.w3.org\/2000\/svg\" ><path d=\"M488 192H336v56c0 39.7-32.3 72-72 72s-72-32.3-72-72V126.4l-64.9 39C107.8 176.9 96 197.8 96 220.2v47.3l-80 46.2C.7 322.5-4.6 342.1 4.3 357.4l80 138.6c8.8 15.3 28.4 20.5 43.7 11.7L231.4 448H368c35.3 0 64-28.7 64-64h16c17.7 0 32-14.3 32-32v-64h8c13.3 0 24-10.7 24-24v-48c0-13.3-10.7-24-24-24zm147.7-37.4L555.7 16C546.9.7 527.3-4.5 512 4.3L408.6 64H306.4c-12 0-23.7 3.4-33.9 9.7L239 94.6c-9.4 5.8-15 16.1-15 27.1V248c0 22.1 17.9 40 40 40s40-17.9 40-40v-88h184c30.9 0 56 25.1 56 56v28.5l80-46.2c15.3-8.9 20.5-28.4 11.7-43.7z\"\/><\/svg><\/span><\/div><\/div><\/div><\/div><div class=\"kt-infobox-textcontent\"><h5 class=\"kt-blocks-info-box-title\">Mixit\u00e9 et diversit\u00e9<\/h5><p class=\"kt-blocks-info-box-text\">-Pratique sportive dans le respect de l&rsquo;autre<br\/>-Pas de signe religieux<br\/>-S&rsquo;exprimer en Fran\u00e7ais pour \u00e9viter la mise \u00e0 l&rsquo;\u00e9cart d&rsquo;autrui<br\/>-Pas de t\u00e9l\u00e9phone pendant la s\u00e9ance<br\/>-Ne pas partir avant la fin de la s\u00e9ance sauf en cas de force majeur<\/p><\/div><\/a><\/div>\n<\/div><\/div>\n\n<\/div><\/div>\n\n<style>.wp-block-kadence-advancedbtn.kb-btns_e1f7b6-56{gap:var(--global-kb-gap-xs, 0.5rem );justify-content:center;align-items:center;}.kt-btns_e1f7b6-56 .kt-button{font-weight:normal;font-style:normal;}.kt-btns_e1f7b6-56 .kt-btn-wrap-0{margin-right:5px;}.wp-block-kadence-advancedbtn.kt-btns_e1f7b6-56 .kt-btn-wrap-0 .kt-button{color:#555555;border-color:#555555;}.wp-block-kadence-advancedbtn.kt-btns_e1f7b6-56 .kt-btn-wrap-0 .kt-button:hover, .wp-block-kadence-advancedbtn.kt-btns_e1f7b6-56 .kt-btn-wrap-0 .kt-button:focus{color:#ffffff;border-color:#444444;}.wp-block-kadence-advancedbtn.kt-btns_e1f7b6-56 .kt-btn-wrap-0 .kt-button::before{display:none;}.wp-block-kadence-advancedbtn.kt-btns_e1f7b6-56 .kt-btn-wrap-0 .kt-button:hover, .wp-block-kadence-advancedbtn.kt-btns_e1f7b6-56 .kt-btn-wrap-0 .kt-button:focus{background:#444444;}<\/style>\n<div class=\"wp-block-kadence-advancedbtn kb-buttons-wrap kb-btns_e1f7b6-56\"><style>ul.menu .wp-block-kadence-advancedbtn .kb-btn_6d4556-ff.kb-button{width:initial;}<\/style><a class=\"kb-button kt-button button kb-btn_6d4556-ff kt-btn-size-standard kt-btn-width-type-auto kb-btn-global-fill kt-btn-has-text-true kt-btn-has-svg-false wp-block-kadence-singlebtn\" href=\"http:\/\/5m-art.fr\/wp-content\/uploads\/2025\/09\/REGLEMENT-INTERIEUR-modifie-le-05-sept-2025.pdf\"><span class=\"kt-btn-inner-text\">R\u00c8GLEMENT INT\u00c9RIEUR DE L&rsquo;ASSOCIATION<\/span><\/a><\/div>\n\n\n\n<h2 class=\"wp-block-heading\"><strong>NOS AGR\u00c9MENTS<\/strong><\/h2>\n\n\n\n<h2 class=\"wp-block-heading\">AGR\u00c9MENT CLUB DE SPORT <\/h2>\n\n\n\n<p>Code du Sport Article L322-3<\/p>\n\n\n\n<h2 class=\"wp-block-heading\">AGR\u00c9MENT JEUNESSE ET \u00c9DUCATION POPULAIRE<\/h2>\n\n\n\n<p><\/p>\n\n\n\n<h2 class=\"wp-block-heading\">CERTIFICATION NUTRITION ET SPORT<\/h2>\n\n\n\n<p>Dipl\u00f4me n\u00b0005122023 pour EL MANSOURI Hayette<\/p>\n","protected":false},"excerpt":{"rendered":"<p>NOS AGR\u00c9MENTS AGR\u00c9MENT CLUB DE SPORT Code du Sport Article L322-3 AGR\u00c9MENT JEUNESSE ET \u00c9DUCATION POPULAIRE CERTIFICATION NUTRITION ET SPORT Dipl\u00f4me n\u00b0005122023 pour EL MANSOURI Hayette<\/p>\n","protected":false},"author":1,"featured_media":0,"parent":0,"menu_order":0,"comment_status":"closed","ping_status":"closed","template":"","meta":{"_kad_post_transparent":"","_kad_post_title":"","_kad_post_layout":"normal","_kad_post_sidebar_id":"","_kad_post_content_style":"","_kad_post_vertical_padding":"","_kad_post_feature":"","_kad_post_feature_position":"","_kad_post_header":false,"_kad_post_footer":false,"footnotes":""},"class_list":["post-251","page","type-page","status-publish","hentry"],"_links":{"self":[{"href":"https:\/\/5m-art.fr\/index.php?rest_route=\/wp\/v2\/pages\/251"}],"collection":[{"href":"https:\/\/5m-art.fr\/index.php?rest_route=\/wp\/v2\/pages"}],"about":[{"href":"https:\/\/5m-art.fr\/index.php?rest_route=\/wp\/v2\/types\/page"}],"author":[{"embeddable":true,"href":"https:\/\/5m-art.fr\/index.php?rest_route=\/wp\/v2\/users\/1"}],"replies":[{"embeddable":true,"href":"https:\/\/5m-art.fr\/index.php?rest_route=%2Fwp%2Fv2%2Fcomments&post=251"}],"version-history":[{"count":12,"href":"https:\/\/5m-art.fr\/index.php?rest_route=\/wp\/v2\/pages\/251\/revisions"}],"predecessor-version":[{"id":1342,"href":"https:\/\/5m-art.fr\/index.php?rest_route=\/wp\/v2\/pages\/251\/revisions\/1342"}],"wp:attachment":[{"href":"https:\/\/5m-art.fr\/index.php?rest_route=%2Fwp%2Fv2%2Fmedia&parent=251"}],"curies":[{"name":"wp","href":"https:\/\/api.w.org\/{rel}","templated":true}]}}