{"id":258,"date":"2023-07-15T04:56:00","date_gmt":"2023-07-15T02:56:00","guid":{"rendered":"https:\/\/5m-art.fr\/?page_id=258"},"modified":"2025-09-15T11:03:42","modified_gmt":"2025-09-15T09:03:42","slug":"tarif","status":"publish","type":"page","link":"https:\/\/5m-art.fr\/?page_id=258","title":{"rendered":"S\u00c9ANCES PILATES"},"content":{"rendered":"<style>.kb-row-layout-id_9cd74e-5e > .kt-row-column-wrap{align-content:center;}:where(.kb-row-layout-id_9cd74e-5e > .kt-row-column-wrap) > .wp-block-kadence-column{justify-content:center;}.kb-row-layout-id_9cd74e-5e > .kt-row-column-wrap{column-gap:var(--global-kb-gap-md, 2rem);row-gap:var(--global-kb-gap-md, 2rem);max-width:1056px;margin-left:auto;margin-right:auto;padding-top:0px;padding-right:25px;padding-bottom:0px;padding-left:25px;min-height:400px;grid-template-columns:minmax(0, 1fr);}.kb-row-layout-id_9cd74e-5e{background-image:url('http:\/\/ushba.fr\/wp-content\/uploads\/2023\/06\/group-of-women-practicing-yoga-3822095-1-1.jpg');background-size:cover;background-position:50% 70%;background-attachment:fixed;background-repeat:no-repeat;}.kb-row-layout-id_9cd74e-5e > .kt-row-layout-overlay{opacity:0.44;background-color:var(--global-palette1, #3182CE);}@media all and (max-width: 1024px){.kb-row-layout-id_9cd74e-5e > .kt-row-column-wrap{grid-template-columns:minmax(0, 1fr);}}@media all and (max-width: 767px){.kb-row-layout-id_9cd74e-5e > .kt-row-column-wrap{grid-template-columns:minmax(0, 1fr);}}<\/style><div class=\"kb-row-layout-wrap kb-row-layout-id_9cd74e-5e alignnone kt-row-has-bg wp-block-kadence-rowlayout\"><div class=\"kt-row-layout-overlay kt-row-overlay-normal\"><\/div><div class=\"kt-row-column-wrap kt-has-1-columns kt-row-layout-equal kt-tab-layout-inherit kt-mobile-layout-row kt-row-valign-middle\">\n<style>.kadence-column_aab6b9-ae > .kt-inside-inner-col,.kadence-column_aab6b9-ae > .kt-inside-inner-col:before{border-top-left-radius:0px;border-top-right-radius:0px;border-bottom-right-radius:0px;border-bottom-left-radius:0px;}.kadence-column_aab6b9-ae > .kt-inside-inner-col:before{opacity:0.3;}.kadence-column_aab6b9-ae{position:relative;}<\/style>\n<div class=\"wp-block-kadence-column kadence-column_aab6b9-ae\"><div class=\"kt-inside-inner-col\">\n<h2 class=\"wp-block-heading has-text-align-center has-theme-palette-9-color has-text-color\"><strong>MES S\u00c9ANCES PILATES REVISIT\u00c9ES ADAPT\u00c9ES \u00e0 TOUTES<\/strong><\/h2>\n<\/div><\/div>\n\n<\/div><\/div>\n\n\n<div style=\"height:100px\" aria-hidden=\"true\" class=\"wp-block-spacer\"><\/div>\n\n\n<style>.kb-image_cc39d4-fb .kb-image-has-overlay:after{opacity:0.3;}<\/style>\n<div class=\"wp-block-kadence-image kb-image_cc39d4-fb\"><figure class=\"aligncenter size-large\"><img loading=\"lazy\" decoding=\"async\" width=\"724\" height=\"1024\" src=\"https:\/\/5m-art.fr\/wp-content\/uploads\/2025\/09\/Hayadance-17-724x1024.jpg\" alt=\"\" class=\"kb-img wp-image-1362\" srcset=\"https:\/\/5m-art.fr\/wp-content\/uploads\/2025\/09\/Hayadance-17-724x1024.jpg 724w, https:\/\/5m-art.fr\/wp-content\/uploads\/2025\/09\/Hayadance-17-212x300.jpg 212w, https:\/\/5m-art.fr\/wp-content\/uploads\/2025\/09\/Hayadance-17-768x1086.jpg 768w, https:\/\/5m-art.fr\/wp-content\/uploads\/2025\/09\/Hayadance-17-1086x1536.jpg 1086w, https:\/\/5m-art.fr\/wp-content\/uploads\/2025\/09\/Hayadance-17.jpg 1414w\" sizes=\"(max-width: 724px) 100vw, 724px\" \/><\/figure><\/div>\n\n\n<style>.kb-image_158c3b-da .kb-image-has-overlay:after{opacity:0.3;}<\/style>\n<div class=\"wp-block-kadence-image kb-image_158c3b-da\"><figure class=\"aligncenter size-large\"><img loading=\"lazy\" decoding=\"async\" width=\"724\" height=\"1024\" src=\"https:\/\/5m-art.fr\/wp-content\/uploads\/2025\/06\/Hayadance-10-724x1024.jpg\" alt=\"\" class=\"kb-img wp-image-1079\" srcset=\"https:\/\/5m-art.fr\/wp-content\/uploads\/2025\/06\/Hayadance-10-724x1024.jpg 724w, https:\/\/5m-art.fr\/wp-content\/uploads\/2025\/06\/Hayadance-10-212x300.jpg 212w, https:\/\/5m-art.fr\/wp-content\/uploads\/2025\/06\/Hayadance-10-768x1086.jpg 768w, https:\/\/5m-art.fr\/wp-content\/uploads\/2025\/06\/Hayadance-10-1086x1536.jpg 1086w, https:\/\/5m-art.fr\/wp-content\/uploads\/2025\/06\/Hayadance-10.jpg 1414w\" sizes=\"(max-width: 724px) 100vw, 724px\" \/><\/figure><\/div>\n\n\n<style>.kb-image_a87328-6b .kb-image-has-overlay:after{opacity:0.3;}<\/style>\n<div class=\"wp-block-kadence-image kb-image_a87328-6b\"><figure class=\"aligncenter size-large\"><img loading=\"lazy\" decoding=\"async\" width=\"724\" height=\"1024\" src=\"https:\/\/5m-art.fr\/wp-content\/uploads\/2025\/09\/Hayadance-18-724x1024.jpg\" alt=\"\" class=\"kb-img wp-image-1360\" srcset=\"https:\/\/5m-art.fr\/wp-content\/uploads\/2025\/09\/Hayadance-18-724x1024.jpg 724w, https:\/\/5m-art.fr\/wp-content\/uploads\/2025\/09\/Hayadance-18-212x300.jpg 212w, https:\/\/5m-art.fr\/wp-content\/uploads\/2025\/09\/Hayadance-18-768x1086.jpg 768w, https:\/\/5m-art.fr\/wp-content\/uploads\/2025\/09\/Hayadance-18-1086x1536.jpg 1086w, https:\/\/5m-art.fr\/wp-content\/uploads\/2025\/09\/Hayadance-18.jpg 1414w\" sizes=\"(max-width: 724px) 100vw, 724px\" \/><\/figure><\/div>\n","protected":false},"excerpt":{"rendered":"<p>MES S\u00c9ANCES PILATES REVISIT\u00c9ES ADAPT\u00c9ES \u00e0 TOUTES<\/p>\n","protected":false},"author":1,"featured_media":0,"parent":0,"menu_order":0,"comment_status":"closed","ping_status":"closed","template":"","meta":{"_kad_post_transparent":"","_kad_post_title":"","_kad_post_layout":"","_kad_post_sidebar_id":"","_kad_post_content_style":"","_kad_post_vertical_padding":"","_kad_post_feature":"","_kad_post_feature_position":"","_kad_post_header":false,"_kad_post_footer":false,"footnotes":""},"class_list":["post-258","page","type-page","status-publish","hentry"],"_links":{"self":[{"href":"https:\/\/5m-art.fr\/index.php?rest_route=\/wp\/v2\/pages\/258"}],"collection":[{"href":"https:\/\/5m-art.fr\/index.php?rest_route=\/wp\/v2\/pages"}],"about":[{"href":"https:\/\/5m-art.fr\/index.php?rest_route=\/wp\/v2\/types\/page"}],"author":[{"embeddable":true,"href":"https:\/\/5m-art.fr\/index.php?rest_route=\/wp\/v2\/users\/1"}],"replies":[{"embeddable":true,"href":"https:\/\/5m-art.fr\/index.php?rest_route=%2Fwp%2Fv2%2Fcomments&post=258"}],"version-history":[{"count":14,"href":"https:\/\/5m-art.fr\/index.php?rest_route=\/wp\/v2\/pages\/258\/revisions"}],"predecessor-version":[{"id":1363,"href":"https:\/\/5m-art.fr\/index.php?rest_route=\/wp\/v2\/pages\/258\/revisions\/1363"}],"wp:attachment":[{"href":"https:\/\/5m-art.fr\/index.php?rest_route=%2Fwp%2Fv2%2Fmedia&parent=258"}],"curies":[{"name":"wp","href":"https:\/\/api.w.org\/{rel}","templated":true}]}}