{"id":260,"date":"2023-07-15T04:56:13","date_gmt":"2023-07-15T02:56:13","guid":{"rendered":"https:\/\/5m-art.fr\/?page_id=260"},"modified":"2025-06-22T10:52:08","modified_gmt":"2025-06-22T08:52:08","slug":"formulaire-rdv","status":"publish","type":"page","link":"https:\/\/5m-art.fr\/?page_id=260","title":{"rendered":"S\u00c9ANCES ELMANS"},"content":{"rendered":"<style>.kb-row-layout-id_58752e-31 > .kt-row-column-wrap{align-content:center;}:where(.kb-row-layout-id_58752e-31 > .kt-row-column-wrap) > .wp-block-kadence-column{justify-content:center;}.kb-row-layout-id_58752e-31 > .kt-row-column-wrap{column-gap:var(--global-kb-gap-md, 2rem);row-gap:var(--global-kb-gap-md, 2rem);max-width:600px;margin-left:auto;margin-right:auto;padding-top:100px;padding-right:25px;padding-bottom:100px;padding-left:25px;min-height:400px;grid-template-columns:minmax(0, 1fr);}.kb-row-layout-id_58752e-31{background-image:url('http:\/\/ushba.fr\/wp-content\/uploads\/2023\/06\/gallery-6.jpg');background-size:cover;background-position:center center;background-attachment:scroll;background-repeat:no-repeat;}.kb-row-layout-id_58752e-31 > .kt-row-layout-overlay{opacity:0.70;background:linear-gradient(188deg, #727272 0%, #000000 100%);}@media all and (max-width: 1024px){.kb-row-layout-id_58752e-31 > .kt-row-column-wrap{grid-template-columns:minmax(0, 1fr);}}@media all and (max-width: 767px){.kb-row-layout-id_58752e-31 > .kt-row-column-wrap{grid-template-columns:minmax(0, 1fr);}}<\/style><div class=\"kb-row-layout-wrap kb-row-layout-id_58752e-31 alignnone kt-row-has-bg wp-block-kadence-rowlayout\"><div class=\"kt-row-layout-overlay kt-row-overlay-gradient\"><\/div><div class=\"kt-row-column-wrap kt-has-1-columns kt-row-layout-equal kt-tab-layout-inherit kt-mobile-layout-row kt-row-valign-middle\">\n<style>.kadence-column_d6d57d-19 > .kt-inside-inner-col,.kadence-column_d6d57d-19 > .kt-inside-inner-col:before{border-top-left-radius:0px;border-top-right-radius:0px;border-bottom-right-radius:0px;border-bottom-left-radius:0px;}.kadence-column_d6d57d-19 > .kt-inside-inner-col:before{opacity:0.3;}.kadence-column_d6d57d-19{position:relative;}<\/style>\n<div class=\"wp-block-kadence-column kadence-column_d6d57d-19 inner-column-1\"><div class=\"kt-inside-inner-col\"><style>.wp-block-kadence-advancedheading.kt-adv-heading_78d04a-0a, .wp-block-kadence-advancedheading.kt-adv-heading_78d04a-0a[data-kb-block=\"kb-adv-heading_78d04a-0a\"]{margin-bottom:10px;text-align:center;font-size:40px;line-height:54px;font-weight:normal;font-style:normal;color:#ffffff;}.wp-block-kadence-advancedheading.kt-adv-heading_78d04a-0a mark, .wp-block-kadence-advancedheading.kt-adv-heading_78d04a-0a[data-kb-block=\"kb-adv-heading_78d04a-0a\"] mark{font-family:'Josefin Sans';font-weight:400;font-style:normal;color:#f76a0c;padding-top:0px;padding-right:0px;padding-bottom:0px;padding-left:0px;}<\/style>\n<h4 class=\"kt-adv-heading_78d04a-0a wp-block-kadence-advancedheading\" data-kb-block=\"kb-adv-heading_78d04a-0a\">MES S\u00c9ANCES ELMANS<\/h4>\n<\/div><\/div>\n\n<\/div><\/div>\n\n\n<p><\/p>\n\n\n\n<h2 class=\"wp-block-heading\"><strong>ELMANS : Une R\u00e9v\u00e9lation pour votre corps et votre esprit! <\/strong><\/h2>\n\n\n\n<p><strong>C&rsquo;est la cl\u00e9 d&rsquo;une meilleure sant\u00e9 et d&rsquo;une silhouette retrouv\u00e9e!<\/strong><\/p>\n\n\n\n<div style=\"height:42px\" aria-hidden=\"true\" class=\"wp-block-spacer\"><\/div>\n\n\n\n<figure class=\"wp-block-image size-large\"><img loading=\"lazy\" decoding=\"async\" width=\"724\" height=\"1024\" src=\"https:\/\/5m-art.fr\/wp-content\/uploads\/2025\/06\/Hayadance-11-724x1024.jpg\" alt=\"\" class=\"wp-image-1086\" srcset=\"https:\/\/5m-art.fr\/wp-content\/uploads\/2025\/06\/Hayadance-11-724x1024.jpg 724w, https:\/\/5m-art.fr\/wp-content\/uploads\/2025\/06\/Hayadance-11-212x300.jpg 212w, https:\/\/5m-art.fr\/wp-content\/uploads\/2025\/06\/Hayadance-11-768x1086.jpg 768w, https:\/\/5m-art.fr\/wp-content\/uploads\/2025\/06\/Hayadance-11-1086x1536.jpg 1086w, https:\/\/5m-art.fr\/wp-content\/uploads\/2025\/06\/Hayadance-11.jpg 1414w\" sizes=\"(max-width: 724px) 100vw, 724px\" \/><\/figure>\n\n\n\n<figure class=\"wp-block-image size-large\"><img loading=\"lazy\" decoding=\"async\" width=\"724\" height=\"1024\" src=\"https:\/\/5m-art.fr\/wp-content\/uploads\/2025\/06\/Hayadance-12-724x1024.jpg\" alt=\"\" class=\"wp-image-1087\" srcset=\"https:\/\/5m-art.fr\/wp-content\/uploads\/2025\/06\/Hayadance-12-724x1024.jpg 724w, https:\/\/5m-art.fr\/wp-content\/uploads\/2025\/06\/Hayadance-12-212x300.jpg 212w, https:\/\/5m-art.fr\/wp-content\/uploads\/2025\/06\/Hayadance-12-768x1086.jpg 768w, https:\/\/5m-art.fr\/wp-content\/uploads\/2025\/06\/Hayadance-12-1086x1536.jpg 1086w, https:\/\/5m-art.fr\/wp-content\/uploads\/2025\/06\/Hayadance-12.jpg 1414w\" sizes=\"(max-width: 724px) 100vw, 724px\" \/><\/figure>\n\n\n\n<p><strong>Dur\u00e9e de la s\u00e9ance ELMAN&rsquo;SOPHRO : De 14H30 \u00e0 15H45<\/strong><\/p>\n\n\n\n<p><\/p>\n","protected":false},"excerpt":{"rendered":"<p>MES S\u00c9ANCES ELMANS ELMANS : Une R\u00e9v\u00e9lation pour votre corps et votre esprit! C&rsquo;est la cl\u00e9 d&rsquo;une meilleure sant\u00e9 et d&rsquo;une silhouette retrouv\u00e9e! Dur\u00e9e de la s\u00e9ance ELMAN&rsquo;SOPHRO : De 14H30 \u00e0 15H45<\/p>\n","protected":false},"author":1,"featured_media":0,"parent":0,"menu_order":0,"comment_status":"closed","ping_status":"closed","template":"","meta":{"_kad_post_transparent":"","_kad_post_title":"","_kad_post_layout":"","_kad_post_sidebar_id":"","_kad_post_content_style":"","_kad_post_vertical_padding":"","_kad_post_feature":"","_kad_post_feature_position":"","_kad_post_header":false,"_kad_post_footer":false,"footnotes":""},"class_list":["post-260","page","type-page","status-publish","hentry"],"_links":{"self":[{"href":"https:\/\/5m-art.fr\/index.php?rest_route=\/wp\/v2\/pages\/260"}],"collection":[{"href":"https:\/\/5m-art.fr\/index.php?rest_route=\/wp\/v2\/pages"}],"about":[{"href":"https:\/\/5m-art.fr\/index.php?rest_route=\/wp\/v2\/types\/page"}],"author":[{"embeddable":true,"href":"https:\/\/5m-art.fr\/index.php?rest_route=\/wp\/v2\/users\/1"}],"replies":[{"embeddable":true,"href":"https:\/\/5m-art.fr\/index.php?rest_route=%2Fwp%2Fv2%2Fcomments&post=260"}],"version-history":[{"count":9,"href":"https:\/\/5m-art.fr\/index.php?rest_route=\/wp\/v2\/pages\/260\/revisions"}],"predecessor-version":[{"id":1090,"href":"https:\/\/5m-art.fr\/index.php?rest_route=\/wp\/v2\/pages\/260\/revisions\/1090"}],"wp:attachment":[{"href":"https:\/\/5m-art.fr\/index.php?rest_route=%2Fwp%2Fv2%2Fmedia&parent=260"}],"curies":[{"name":"wp","href":"https:\/\/api.w.org\/{rel}","templated":true}]}}