{"id":9,"date":"2023-06-24T06:07:37","date_gmt":"2023-06-24T04:07:37","guid":{"rendered":"https:\/\/5m-art.fr\/?page_id=9"},"modified":"2023-06-24T06:07:37","modified_gmt":"2023-06-24T04:07:37","slug":"cgu","status":"publish","type":"page","link":"https:\/\/5m-art.fr\/?page_id=9","title":{"rendered":"CGU"},"content":{"rendered":"\n<h2 class=\"wp-block-heading\">Conditions g\u00e9n\u00e9rales d&rsquo;utilisation<\/h2>\n\n\n\n<p>Les pr\u00e9sentes conditions g\u00e9n\u00e9rales d&rsquo;utilisation r\u00e9gissent l&rsquo;utilisation du site web \u00a0\u00bb 5M-art.fr\u00a0\u00bb par toute personne.<\/p>\n\n\n\n<p>Article 1 &#8211; Acceptation des CGU<br>En acc\u00e9dant et en utilisant le Site, vous acceptez sans r\u00e9serve les pr\u00e9sentes CGU. Si vous n&rsquo;acceptez pas ces CGU, vous ne devez pas utiliser le Site.<\/p>\n\n\n\n<p>Article 2 &#8211; Propri\u00e9t\u00e9 intellectuelle<br>Le Site et l&rsquo;ensemble de son contenu (textes, images, logos, marques, etc.) sont la propri\u00e9t\u00e9 exclusive du propri\u00e9taire du Site. Toute reproduction, repr\u00e9sentation ou diffusion, en tout ou partie, du Site ou de son contenu, est interdite sans autorisation pr\u00e9alable du propri\u00e9taire.<\/p>\n\n\n\n<p>Article 3 &#8211; Responsabilit\u00e9 de l&rsquo;Utilisateur<br>L&rsquo;Utilisateur est responsable de l&rsquo;utilisation qu&rsquo;il fait du Site et des cons\u00e9quences qui peuvent en d\u00e9couler. L&rsquo;Utilisateur s&rsquo;engage \u00e0 respecter les lois et r\u00e9glementations en vigueur et \u00e0 ne pas porter atteinte aux droits des tiers.<\/p>\n\n\n\n<p>Article 4 &#8211; Disponibilit\u00e9 du Site<br>Le propri\u00e9taire du Site s&rsquo;efforce de maintenir le Site accessible 24 heures sur 24 et 7 jours sur 7, mais ne peut garantir une disponibilit\u00e9 permanente et ininterrompue du Site. Le propri\u00e9taire du Site ne peut \u00eatre tenu responsable des interruptions ou des ralentissements du Site pour des raisons ind\u00e9pendantes de sa volont\u00e9.<\/p>\n\n\n\n<p>Article 5 &#8211; Limitation de responsabilit\u00e9<br>Le propri\u00e9taire du Site ne peut \u00eatre tenu responsable des dommages directs ou indirects caus\u00e9s \u00e0 l&rsquo;Utilisateur ou \u00e0 des tiers du fait de l&rsquo;utilisation du Site, y compris en cas de perte de donn\u00e9es ou de pr\u00e9judice financier.<\/p>\n\n\n\n<p>Article 6 &#8211; Donn\u00e9es personnelles<br>Le propri\u00e9taire du Site collecte et traite les donn\u00e9es personnelles de l&rsquo;Utilisateur conform\u00e9ment aux r\u00e9glementations en vigueur. L&rsquo;Utilisateur dispose d&rsquo;un droit d&rsquo;acc\u00e8s, de rectification et d&rsquo;opposition sur ses donn\u00e9es personnelles. Pour exercer ces droits, l&rsquo;Utilisateur peut contacter le propri\u00e9taire du Site.<\/p>\n\n\n\n<p>Article 7 &#8211; Modification des CGU<br>Le propri\u00e9taire du Site se r\u00e9serve le droit de modifier les pr\u00e9sentes CGU \u00e0 tout moment et sans pr\u00e9avis. Les modifications seront applicables d\u00e8s leur mise en ligne sur le Site.<\/p>\n\n\n\n<p>Article 8 &#8211; Loi applicable et juridiction comp\u00e9tente<br>Les pr\u00e9sentes CGU sont r\u00e9gies par le droit fran\u00e7ais. Tout litige relatif \u00e0 l&rsquo;utilisation du Site sera soumis aux tribunaux comp\u00e9tents dans les conditions de droit commun.<\/p>\n","protected":false},"excerpt":{"rendered":"<p>Conditions g\u00e9n\u00e9rales d&rsquo;utilisation Les pr\u00e9sentes conditions g\u00e9n\u00e9rales d&rsquo;utilisation r\u00e9gissent l&rsquo;utilisation du site web \u00a0\u00bb 5M-art.fr\u00a0\u00bb par toute personne. Article 1 &#8211; Acceptation des CGUEn acc\u00e9dant et en utilisant le Site, vous acceptez sans r\u00e9serve les pr\u00e9sentes CGU. Si vous n&rsquo;acceptez pas ces CGU, vous ne devez pas utiliser le Site. Article 2 &#8211; Propri\u00e9t\u00e9 intellectuelleLe&#8230;<\/p>\n","protected":false},"author":1,"featured_media":0,"parent":0,"menu_order":0,"comment_status":"closed","ping_status":"closed","template":"","meta":{"_kad_post_transparent":"","_kad_post_title":"","_kad_post_layout":"","_kad_post_sidebar_id":"","_kad_post_content_style":"","_kad_post_vertical_padding":"","_kad_post_feature":"","_kad_post_feature_position":"","_kad_post_header":false,"_kad_post_footer":false,"footnotes":""},"class_list":["post-9","page","type-page","status-publish","hentry"],"_links":{"self":[{"href":"https:\/\/5m-art.fr\/index.php?rest_route=\/wp\/v2\/pages\/9"}],"collection":[{"href":"https:\/\/5m-art.fr\/index.php?rest_route=\/wp\/v2\/pages"}],"about":[{"href":"https:\/\/5m-art.fr\/index.php?rest_route=\/wp\/v2\/types\/page"}],"author":[{"embeddable":true,"href":"https:\/\/5m-art.fr\/index.php?rest_route=\/wp\/v2\/users\/1"}],"replies":[{"embeddable":true,"href":"https:\/\/5m-art.fr\/index.php?rest_route=%2Fwp%2Fv2%2Fcomments&post=9"}],"version-history":[{"count":1,"href":"https:\/\/5m-art.fr\/index.php?rest_route=\/wp\/v2\/pages\/9\/revisions"}],"predecessor-version":[{"id":10,"href":"https:\/\/5m-art.fr\/index.php?rest_route=\/wp\/v2\/pages\/9\/revisions\/10"}],"wp:attachment":[{"href":"https:\/\/5m-art.fr\/index.php?rest_route=%2Fwp%2Fv2%2Fmedia&parent=9"}],"curies":[{"name":"wp","href":"https:\/\/api.w.org\/{rel}","templated":true}]}}