{"id":94,"date":"2023-06-29T05:43:36","date_gmt":"2023-06-29T03:43:36","guid":{"rendered":"https:\/\/5m-art.fr\/?page_id=94"},"modified":"2025-06-16T15:51:08","modified_gmt":"2025-06-16T13:51:08","slug":"fit-kids","status":"publish","type":"page","link":"https:\/\/5m-art.fr\/?page_id=94","title":{"rendered":"SPORT KIDS"},"content":{"rendered":"<style>.kb-row-layout-id_e682f1-5f > .kt-row-column-wrap{align-content:start;}:where(.kb-row-layout-id_e682f1-5f > .kt-row-column-wrap) > .wp-block-kadence-column{justify-content:start;}.kb-row-layout-id_e682f1-5f > .kt-row-column-wrap{column-gap:var(--global-kb-gap-md, 2rem);row-gap:var(--global-kb-gap-md, 2rem);max-width:var( --global-content-width, 1290px );padding-left:var(--global-content-edge-padding);padding-right:var(--global-content-edge-padding);padding-top:0px;padding-bottom:35px;grid-template-columns:repeat(2, minmax(0, 1fr));}.kb-row-layout-id_e682f1-5f > .kt-row-layout-overlay{opacity:0.30;}@media all and (max-width: 1024px){.kb-row-layout-id_e682f1-5f > .kt-row-column-wrap{grid-template-columns:repeat(2, minmax(0, 1fr));}}@media all and (max-width: 767px){.kb-row-layout-id_e682f1-5f > .kt-row-column-wrap{grid-template-columns:minmax(0, 1fr);}}<\/style><div class=\"kb-row-layout-wrap kb-row-layout-id_e682f1-5f alignnone wp-block-kadence-rowlayout\"><div class=\"kt-row-column-wrap kt-has-2-columns kt-row-layout-equal kt-tab-layout-inherit kt-mobile-layout-row kt-row-valign-top kt-inner-column-height-full kb-theme-content-width\">\n<style>.kadence-column_4a6ade-c5 > .kt-inside-inner-col,.kadence-column_4a6ade-c5 > .kt-inside-inner-col:before{border-top-left-radius:0px;border-top-right-radius:0px;border-bottom-right-radius:0px;border-bottom-left-radius:0px;}.kadence-column_4a6ade-c5 > .kt-inside-inner-col:before{opacity:0.3;}.kadence-column_4a6ade-c5{position:relative;}<\/style>\n<div class=\"wp-block-kadence-column kadence-column_4a6ade-c5 inner-column-1\"><div class=\"kt-inside-inner-col\"><style>.wp-block-kadence-advancedheading.kt-adv-heading_0390e3-00, .wp-block-kadence-advancedheading.kt-adv-heading_0390e3-00[data-kb-block=\"kb-adv-heading_0390e3-00\"]{font-style:normal;}.wp-block-kadence-advancedheading.kt-adv-heading_0390e3-00 mark, .wp-block-kadence-advancedheading.kt-adv-heading_0390e3-00[data-kb-block=\"kb-adv-heading_0390e3-00\"] mark{font-style:normal;color:#f76a0c;padding-top:0px;padding-right:0px;padding-bottom:0px;padding-left:0px;}<\/style>\n<h2 class=\"kt-adv-heading_0390e3-00 wp-block-kadence-advancedheading has-theme-palette-4-color has-text-color\" data-kb-block=\"kb-adv-heading_0390e3-00\">\u2728Cardio &#8211; Renfo &#8211; danse &amp; yoga KIDS\u2728<\/h2>\n\n\n\n<p>Parce qu&rsquo;il important d&rsquo;apprendre \u00e0 bouger  d\u00e8s le plus jeune age, Nos activit\u00e9s SPORT Kids sont faites pour vos enfants . En passant par la danse ou Cardio Renfo ou Yoga Kids. Activit\u00e9s ouvertes aux filles et aux gar\u00e7ons<\/p>\n\n\n\n<p> Le mouvement et le souffle permet d&rsquo;ext\u00e9rioriser nos sentiments. Lorsque votre enfant bouge et ex\u00e9cute de grands mouvements, il augmente sa respiration, et donc par le souffle il \u00e9vacue les tensions.<\/p>\n\n\n\n<p>L&rsquo;atelier CARDIO RENFO et YOGA sont id\u00e9ales  pour faire bouger vos enfants dans un cadre collectif. <\/p>\n\n\n<style>.wp-block-kadence-iconlist.kt-svg-icon-list-items_bf7c6e-ed ul.kt-svg-icon-list:not(.this-prevents-issues):not(.this-stops-third-party-issues):not(.tijsloc){margin-top:0px;margin-bottom:10px;margin-left:0px;}.wp-block-kadence-iconlist.kt-svg-icon-list-items_bf7c6e-ed ul.kt-svg-icon-list{grid-row-gap:20px;}.wp-block-kadence-iconlist.kt-svg-icon-list-items_bf7c6e-ed ul.kt-svg-icon-list .kt-svg-icon-list-item-wrap .kt-svg-icon-list-single{margin-right:10px;}.kt-svg-icon-list-items_bf7c6e-ed ul.kt-svg-icon-list .kt-svg-icon-list-item-wrap, .kt-svg-icon-list-items_bf7c6e-ed ul.kt-svg-icon-list .kt-svg-icon-list-item-wrap a{color:var(--global-palette4, #2D3748);color:var(--global-palette4, #2D3748);}@media all and (min-width: 1025px){.wp-block-kadence-iconlist.kt-svg-icon-list-items_bf7c6e-ed:not(.kt-svg-icon-list-columns-1) ul.kt-svg-icon-list .kt-svg-icon-list-item-wrap:not(:last-child){margin:0px;}}@media all and (max-width: 1024px){.wp-block-kadence-iconlist.kt-svg-icon-list-items_bf7c6e-ed ul.kt-svg-icon-list{grid-row-gap:20px;}}@media all and (min-width: 768px) and (max-width: 1024px){.wp-block-kadence-iconlist.kt-svg-icon-list-items_bf7c6e-ed:not(.kt-tablet-svg-icon-list-columns-1) ul.kt-svg-icon-list .kt-svg-icon-list-item-wrap:not(:last-child){margin:0px;}}@media all and (max-width: 767px){.wp-block-kadence-iconlist.kt-svg-icon-list-items_bf7c6e-ed ul.kt-svg-icon-list{grid-row-gap:20px;}}<\/style>\n<div class=\"wp-block-kadence-iconlist kt-svg-icon-list-items kt-svg-icon-list-items_bf7c6e-ed kt-svg-icon-list-columns-2 alignnone kt-mobile-svg-icon-list-columns-1\"><ul class=\"kt-svg-icon-list\"><style>.kt-svg-icon-list-item-_ce671b-07 .kt-svg-icon-list-single{font-size:20px !important;color:var(--global-palette1, #3182CE) !important;}<\/style>\n<li class=\"wp-block-kadence-listitem kt-svg-icon-list-item-wrap kt-svg-icon-list-item-_ce671b-07 kt-svg-icon-list-style-default\"><span class=\"kb-svg-icon-wrap kb-svg-icon-fas_check-circle kt-svg-icon-list-single\"><svg viewBox=\"0 0 512 512\"  fill=\"currentColor\" xmlns=\"http:\/\/www.w3.org\/2000\/svg\" ><path d=\"M504 256c0 136.967-111.033 248-248 248S8 392.967 8 256 119.033 8 256 8s248 111.033 248 248zM227.314 387.314l184-184c6.248-6.248 6.248-16.379 0-22.627l-22.627-22.627c-6.248-6.249-16.379-6.249-22.628 0L216 308.118l-70.059-70.059c-6.248-6.248-16.379-6.248-22.628 0l-22.627 22.627c-6.248 6.248-6.248 16.379 0 22.627l104 104c6.249 6.249 16.379 6.249 22.628.001z\"\/><\/svg><\/span><span class=\"kt-svg-icon-list-text\">Dynamiser<\/span><\/li>\n\n\n<style>.kt-svg-icon-list-item-_2e5fcf-3e .kt-svg-icon-list-single{font-size:20px !important;color:var(--global-palette1, #3182CE) !important;}<\/style>\n<li class=\"wp-block-kadence-listitem kt-svg-icon-list-item-wrap kt-svg-icon-list-item-_2e5fcf-3e kt-svg-icon-list-style-default\"><span class=\"kb-svg-icon-wrap kb-svg-icon-fas_check-circle kt-svg-icon-list-single\"><svg viewBox=\"0 0 512 512\"  fill=\"currentColor\" xmlns=\"http:\/\/www.w3.org\/2000\/svg\" ><path d=\"M504 256c0 136.967-111.033 248-248 248S8 392.967 8 256 119.033 8 256 8s248 111.033 248 248zM227.314 387.314l184-184c6.248-6.248 6.248-16.379 0-22.627l-22.627-22.627c-6.248-6.249-16.379-6.249-22.628 0L216 308.118l-70.059-70.059c-6.248-6.248-16.379-6.248-22.628 0l-22.627 22.627c-6.248 6.248-6.248 16.379 0 22.627l104 104c6.249 6.249 16.379 6.249 22.628.001z\"\/><\/svg><\/span><span class=\"kt-svg-icon-list-text\">Se d\u00e9fouler<\/span><\/li>\n\n\n<style>.kt-svg-icon-list-item-_cf856e-96 .kt-svg-icon-list-single{font-size:20px !important;color:var(--global-palette1, #3182CE) !important;}<\/style>\n<li class=\"wp-block-kadence-listitem kt-svg-icon-list-item-wrap kt-svg-icon-list-item-_cf856e-96 kt-svg-icon-list-style-default\"><span class=\"kb-svg-icon-wrap kb-svg-icon-fas_check-circle kt-svg-icon-list-single\"><svg viewBox=\"0 0 512 512\"  fill=\"currentColor\" xmlns=\"http:\/\/www.w3.org\/2000\/svg\" ><path d=\"M504 256c0 136.967-111.033 248-248 248S8 392.967 8 256 119.033 8 256 8s248 111.033 248 248zM227.314 387.314l184-184c6.248-6.248 6.248-16.379 0-22.627l-22.627-22.627c-6.248-6.249-16.379-6.249-22.628 0L216 308.118l-70.059-70.059c-6.248-6.248-16.379-6.248-22.628 0l-22.627 22.627c-6.248 6.248-6.248 16.379 0 22.627l104 104c6.249 6.249 16.379 6.249 22.628.001z\"\/><\/svg><\/span><span class=\"kt-svg-icon-list-text\">Transpirer<\/span><\/li>\n\n\n<style>.kt-svg-icon-list-item-_4c1a62-2d .kt-svg-icon-list-single{font-size:20px !important;color:var(--global-palette1, #3182CE) !important;}<\/style>\n<li class=\"wp-block-kadence-listitem kt-svg-icon-list-item-wrap kt-svg-icon-list-item-_4c1a62-2d kt-svg-icon-list-style-default\"><span class=\"kb-svg-icon-wrap kb-svg-icon-fas_check-circle kt-svg-icon-list-single\"><svg viewBox=\"0 0 512 512\"  fill=\"currentColor\" xmlns=\"http:\/\/www.w3.org\/2000\/svg\" ><path d=\"M504 256c0 136.967-111.033 248-248 248S8 392.967 8 256 119.033 8 256 8s248 111.033 248 248zM227.314 387.314l184-184c6.248-6.248 6.248-16.379 0-22.627l-22.627-22.627c-6.248-6.249-16.379-6.249-22.628 0L216 308.118l-70.059-70.059c-6.248-6.248-16.379-6.248-22.628 0l-22.627 22.627c-6.248 6.248-6.248 16.379 0 22.627l104 104c6.249 6.249 16.379 6.249 22.628.001z\"\/><\/svg><\/span><span class=\"kt-svg-icon-list-text\"><meta charset=\"utf-8\"><\/meta>S&rsquo;amuser<\/span><\/li>\n<\/ul><\/div>\n\n\n\n<p>Les cours se terminent toujours par une session de YOGA, \u00e9tirement, respiration, relaxation pour un retour au calme et \u00e0 la d\u00e9tente totale.<\/p>\n<\/div><\/div>\n\n\n<style>.kadence-column_4b3f4a-20 > .kt-inside-inner-col,.kadence-column_4b3f4a-20 > .kt-inside-inner-col:before{border-top-left-radius:0px;border-top-right-radius:0px;border-bottom-right-radius:0px;border-bottom-left-radius:0px;}.kadence-column_4b3f4a-20 > .kt-inside-inner-col:before{opacity:0.3;}.kadence-column_4b3f4a-20{position:relative;}<\/style>\n<div class=\"wp-block-kadence-column kadence-column_4b3f4a-20\"><div class=\"kt-inside-inner-col\">\n<figure class=\"wp-block-image size-large\"><img loading=\"lazy\" decoding=\"async\" width=\"1024\" height=\"1024\" src=\"https:\/\/5m-art.fr\/wp-content\/uploads\/2025\/06\/Gemini_Generated_Image_v09xf8v09xf8v09x-1024x1024.jpeg\" alt=\"\" class=\"wp-image-1056\" srcset=\"https:\/\/5m-art.fr\/wp-content\/uploads\/2025\/06\/Gemini_Generated_Image_v09xf8v09xf8v09x-1024x1024.jpeg 1024w, https:\/\/5m-art.fr\/wp-content\/uploads\/2025\/06\/Gemini_Generated_Image_v09xf8v09xf8v09x-300x300.jpeg 300w, https:\/\/5m-art.fr\/wp-content\/uploads\/2025\/06\/Gemini_Generated_Image_v09xf8v09xf8v09x-150x150.jpeg 150w, https:\/\/5m-art.fr\/wp-content\/uploads\/2025\/06\/Gemini_Generated_Image_v09xf8v09xf8v09x-768x768.jpeg 768w, https:\/\/5m-art.fr\/wp-content\/uploads\/2025\/06\/Gemini_Generated_Image_v09xf8v09xf8v09x-1536x1536.jpeg 1536w, https:\/\/5m-art.fr\/wp-content\/uploads\/2025\/06\/Gemini_Generated_Image_v09xf8v09xf8v09x.jpeg 2048w\" sizes=\"(max-width: 1024px) 100vw, 1024px\" \/><\/figure>\n<\/div><\/div>\n\n<\/div><\/div>\n\n<style>.kb-image_7abaee-61 .kb-image-has-overlay:after{opacity:0.3;}<\/style>\n<figure class=\"wp-block-kadence-image kb-image_7abaee-61 size-large\"><img loading=\"lazy\" decoding=\"async\" width=\"1024\" height=\"1024\" src=\"https:\/\/5m-art.fr\/wp-content\/uploads\/2025\/06\/Gemini_Generated_Image_8tgemm8tgemm8tge-1024x1024.jpeg\" alt=\"\" class=\"kb-img wp-image-1059\" srcset=\"https:\/\/5m-art.fr\/wp-content\/uploads\/2025\/06\/Gemini_Generated_Image_8tgemm8tgemm8tge-1024x1024.jpeg 1024w, https:\/\/5m-art.fr\/wp-content\/uploads\/2025\/06\/Gemini_Generated_Image_8tgemm8tgemm8tge-300x300.jpeg 300w, https:\/\/5m-art.fr\/wp-content\/uploads\/2025\/06\/Gemini_Generated_Image_8tgemm8tgemm8tge-150x150.jpeg 150w, https:\/\/5m-art.fr\/wp-content\/uploads\/2025\/06\/Gemini_Generated_Image_8tgemm8tgemm8tge-768x768.jpeg 768w, https:\/\/5m-art.fr\/wp-content\/uploads\/2025\/06\/Gemini_Generated_Image_8tgemm8tgemm8tge-1536x1536.jpeg 1536w, https:\/\/5m-art.fr\/wp-content\/uploads\/2025\/06\/Gemini_Generated_Image_8tgemm8tgemm8tge.jpeg 2048w\" sizes=\"(max-width: 1024px) 100vw, 1024px\" \/><\/figure>\n","protected":false},"excerpt":{"rendered":"<p>\u2728Cardio &#8211; Renfo &#8211; danse &amp; yoga KIDS\u2728 Parce qu&rsquo;il important d&rsquo;apprendre \u00e0 bouger d\u00e8s le plus jeune age, Nos activit\u00e9s SPORT Kids sont faites pour vos enfants . En passant par la danse ou Cardio Renfo ou Yoga Kids. Activit\u00e9s ouvertes aux filles et aux gar\u00e7ons Le mouvement et le souffle permet d&rsquo;ext\u00e9rioriser nos&#8230;<\/p>\n","protected":false},"author":1,"featured_media":0,"parent":0,"menu_order":0,"comment_status":"closed","ping_status":"closed","template":"","meta":{"_kad_post_transparent":"","_kad_post_title":"","_kad_post_layout":"","_kad_post_sidebar_id":"","_kad_post_content_style":"","_kad_post_vertical_padding":"","_kad_post_feature":"","_kad_post_feature_position":"","_kad_post_header":false,"_kad_post_footer":false,"footnotes":""},"class_list":["post-94","page","type-page","status-publish","hentry"],"_links":{"self":[{"href":"https:\/\/5m-art.fr\/index.php?rest_route=\/wp\/v2\/pages\/94"}],"collection":[{"href":"https:\/\/5m-art.fr\/index.php?rest_route=\/wp\/v2\/pages"}],"about":[{"href":"https:\/\/5m-art.fr\/index.php?rest_route=\/wp\/v2\/types\/page"}],"author":[{"embeddable":true,"href":"https:\/\/5m-art.fr\/index.php?rest_route=\/wp\/v2\/users\/1"}],"replies":[{"embeddable":true,"href":"https:\/\/5m-art.fr\/index.php?rest_route=%2Fwp%2Fv2%2Fcomments&post=94"}],"version-history":[{"count":5,"href":"https:\/\/5m-art.fr\/index.php?rest_route=\/wp\/v2\/pages\/94\/revisions"}],"predecessor-version":[{"id":1060,"href":"https:\/\/5m-art.fr\/index.php?rest_route=\/wp\/v2\/pages\/94\/revisions\/1060"}],"wp:attachment":[{"href":"https:\/\/5m-art.fr\/index.php?rest_route=%2Fwp%2Fv2%2Fmedia&parent=94"}],"curies":[{"name":"wp","href":"https:\/\/api.w.org\/{rel}","templated":true}]}}